{"id":14525,"date":"2025-08-31T09:25:36","date_gmt":"2025-08-31T07:25:36","guid":{"rendered":"https:\/\/amanahcoffee.fr\/?page_id=14525"},"modified":"2025-08-31T09:54:48","modified_gmt":"2025-08-31T07:54:48","slug":"yoga-brunch-2","status":"publish","type":"page","link":"https:\/\/amanahcoffee.fr\/?page_id=14525","title":{"rendered":"Yoga &#038; Brunch"},"content":{"rendered":"\t\t<div data-elementor-type=\"wp-post\" data-elementor-id=\"14525\" class=\"elementor elementor-14525\">\n\t\t\t\t\t\t\t\t\t<section class=\"elementor-section elementor-top-section elementor-element elementor-element-514b933 elementor-section-stretched elementor-section-height-full elementor-section-boxed elementor-section-height-default elementor-section-items-middle\" data-id=\"514b933\" data-element_type=\"section\" data-settings=\"{&quot;stretch_section&quot;:&quot;section-stretched&quot;,&quot;background_background&quot;:&quot;classic&quot;}\">\n\t\t\t\t\t\t\t<div class=\"elementor-background-overlay\"><\/div>\n\t\t\t\t\t\t\t<div class=\"elementor-container elementor-column-gap-default\">\n\t\t\t\t\t<div class=\"elementor-column elementor-col-100 elementor-top-column elementor-element elementor-element-57734dc8\" data-id=\"57734dc8\" data-element_type=\"column\">\n\t\t\t<div class=\"elementor-widget-wrap elementor-element-populated\">\n\t\t\t\t\t\t\t\t<div class=\"elementor-element elementor-element-f96a96e elementor-widget elementor-widget-spacer\" data-id=\"f96a96e\" data-element_type=\"widget\" data-widget_type=\"spacer.default\">\n\t\t\t\t<div class=\"elementor-widget-container\">\n\t\t\t<style>\/*! elementor - v3.15.0 - 20-08-2023 *\/\n.elementor-column .elementor-spacer-inner{height:var(--spacer-size)}.e-con{--container-widget-width:100%}.e-con-inner>.elementor-widget-spacer,.e-con>.elementor-widget-spacer{width:var(--container-widget-width,var(--spacer-size));--align-self:var(--container-widget-align-self,initial);--flex-shrink:0}.e-con-inner>.elementor-widget-spacer>.elementor-widget-container,.e-con-inner>.elementor-widget-spacer>.elementor-widget-container>.elementor-spacer,.e-con>.elementor-widget-spacer>.elementor-widget-container,.e-con>.elementor-widget-spacer>.elementor-widget-container>.elementor-spacer{height:100%}.e-con-inner>.elementor-widget-spacer>.elementor-widget-container>.elementor-spacer>.elementor-spacer-inner,.e-con>.elementor-widget-spacer>.elementor-widget-container>.elementor-spacer>.elementor-spacer-inner{height:var(--container-widget-height,var(--spacer-size))}<\/style>\t\t<div class=\"elementor-spacer\">\n\t\t\t<div class=\"elementor-spacer-inner\"><\/div>\n\t\t<\/div>\n\t\t\t\t<\/div>\n\t\t\t\t<\/div>\n\t\t\t\t<div class=\"elementor-element elementor-element-c33c600 elementor-widget elementor-widget-spacer\" data-id=\"c33c600\" data-element_type=\"widget\" data-widget_type=\"spacer.default\">\n\t\t\t\t<div class=\"elementor-widget-container\">\n\t\t\t\t\t<div class=\"elementor-spacer\">\n\t\t\t<div class=\"elementor-spacer-inner\"><\/div>\n\t\t<\/div>\n\t\t\t\t<\/div>\n\t\t\t\t<\/div>\n\t\t\t\t<div class=\"elementor-element elementor-element-58d97db elementor-widget elementor-widget-heading\" data-id=\"58d97db\" data-element_type=\"widget\" data-widget_type=\"heading.default\">\n\t\t\t\t<div class=\"elementor-widget-container\">\n\t\t\t<style>\/*! elementor - v3.15.0 - 20-08-2023 *\/\n.elementor-heading-title{padding:0;margin:0;line-height:1}.elementor-widget-heading .elementor-heading-title[class*=elementor-size-]>a{color:inherit;font-size:inherit;line-height:inherit}.elementor-widget-heading .elementor-heading-title.elementor-size-small{font-size:15px}.elementor-widget-heading .elementor-heading-title.elementor-size-medium{font-size:19px}.elementor-widget-heading .elementor-heading-title.elementor-size-large{font-size:29px}.elementor-widget-heading .elementor-heading-title.elementor-size-xl{font-size:39px}.elementor-widget-heading .elementor-heading-title.elementor-size-xxl{font-size:59px}<\/style><h2 class=\"elementor-heading-title elementor-size-default\">24 Septembre 2025<\/h2>\t\t<\/div>\n\t\t\t\t<\/div>\n\t\t\t\t<div class=\"elementor-element elementor-element-4c7114fb elementor-widget elementor-widget-heading\" data-id=\"4c7114fb\" data-element_type=\"widget\" data-widget_type=\"heading.default\">\n\t\t\t\t<div class=\"elementor-widget-container\">\n\t\t\t<h2 class=\"elementor-heading-title elementor-size-default\">Hatha yoga &amp; Brunch<\/h2>\t\t<\/div>\n\t\t\t\t<\/div>\n\t\t\t\t<div class=\"elementor-element elementor-element-5deda139 elementor-widget elementor-widget-spacer\" data-id=\"5deda139\" data-element_type=\"widget\" data-widget_type=\"spacer.default\">\n\t\t\t\t<div class=\"elementor-widget-container\">\n\t\t\t\t\t<div class=\"elementor-spacer\">\n\t\t\t<div class=\"elementor-spacer-inner\"><\/div>\n\t\t<\/div>\n\t\t\t\t<\/div>\n\t\t\t\t<\/div>\n\t\t\t\t\t<\/div>\n\t\t<\/div>\n\t\t\t\t\t\t\t<\/div>\n\t\t<\/section>\n\t\t\t\t<section class=\"elementor-section elementor-top-section elementor-element elementor-element-2df8877 elementor-section-boxed elementor-section-height-default elementor-section-height-default\" data-id=\"2df8877\" data-element_type=\"section\">\n\t\t\t\t\t\t<div class=\"elementor-container elementor-column-gap-default\">\n\t\t\t\t\t<div class=\"elementor-column elementor-col-100 elementor-top-column elementor-element elementor-element-f4427a9\" data-id=\"f4427a9\" data-element_type=\"column\">\n\t\t\t<div class=\"elementor-widget-wrap elementor-element-populated\">\n\t\t\t\t\t\t\t\t<div class=\"elementor-element elementor-element-0c162c1 elementor-widget elementor-widget-spacer\" data-id=\"0c162c1\" data-element_type=\"widget\" data-widget_type=\"spacer.default\">\n\t\t\t\t<div class=\"elementor-widget-container\">\n\t\t\t\t\t<div class=\"elementor-spacer\">\n\t\t\t<div class=\"elementor-spacer-inner\"><\/div>\n\t\t<\/div>\n\t\t\t\t<\/div>\n\t\t\t\t<\/div>\n\t\t\t\t\t<\/div>\n\t\t<\/div>\n\t\t\t\t\t\t\t<\/div>\n\t\t<\/section>\n\t\t\t\t<section class=\"elementor-section elementor-top-section elementor-element elementor-element-8d8ccf7 elementor-section-boxed elementor-section-height-default elementor-section-height-default\" data-id=\"8d8ccf7\" data-element_type=\"section\">\n\t\t\t\t\t\t<div class=\"elementor-container elementor-column-gap-default\">\n\t\t\t\t\t<div class=\"elementor-column elementor-col-33 elementor-top-column elementor-element elementor-element-c3fd2fc\" data-id=\"c3fd2fc\" data-element_type=\"column\">\n\t\t\t<div class=\"elementor-widget-wrap\">\n\t\t\t\t\t\t\t\t\t<\/div>\n\t\t<\/div>\n\t\t\t\t<div class=\"elementor-column elementor-col-33 elementor-top-column elementor-element elementor-element-bf32761\" data-id=\"bf32761\" data-element_type=\"column\">\n\t\t\t<div class=\"elementor-widget-wrap elementor-element-populated\">\n\t\t\t\t\t\t\t\t<div class=\"elementor-element elementor-element-a6ada67 elementor-widget__width-initial elementor-widget elementor-widget-text-editor\" data-id=\"a6ada67\" data-element_type=\"widget\" data-widget_type=\"text-editor.default\">\n\t\t\t\t<div class=\"elementor-widget-container\">\n\t\t\t<style>\/*! elementor - v3.15.0 - 20-08-2023 *\/\n.elementor-widget-text-editor.elementor-drop-cap-view-stacked .elementor-drop-cap{background-color:#69727d;color:#fff}.elementor-widget-text-editor.elementor-drop-cap-view-framed .elementor-drop-cap{color:#69727d;border:3px solid;background-color:transparent}.elementor-widget-text-editor:not(.elementor-drop-cap-view-default) .elementor-drop-cap{margin-top:8px}.elementor-widget-text-editor:not(.elementor-drop-cap-view-default) .elementor-drop-cap-letter{width:1em;height:1em}.elementor-widget-text-editor .elementor-drop-cap{float:left;text-align:center;line-height:1;font-size:50px}.elementor-widget-text-editor .elementor-drop-cap-letter{display:inline-block}<\/style>\t\t\t\t<p><strong>Date<\/strong> : Mercerdi 24 Septembre 2025<br><strong>Horaires<\/strong> : de 18h30 \u00e0 20h30<br><strong>Participants max<\/strong> : 10<br><strong>Tarif<\/strong> : 45\u20ac \/ personne (atelier + mat\u00e9riel \u00e0 disposition + brunch)<\/p>\t\t\t\t\t\t<\/div>\n\t\t\t\t<\/div>\n\t\t\t\t\t<\/div>\n\t\t<\/div>\n\t\t\t\t<div class=\"elementor-column elementor-col-33 elementor-top-column elementor-element elementor-element-8fdc56a\" data-id=\"8fdc56a\" data-element_type=\"column\">\n\t\t\t<div class=\"elementor-widget-wrap\">\n\t\t\t\t\t\t\t\t\t<\/div>\n\t\t<\/div>\n\t\t\t\t\t\t\t<\/div>\n\t\t<\/section>\n\t\t\t\t<section class=\"elementor-section elementor-top-section elementor-element elementor-element-19cc8e22 elementor-section-boxed elementor-section-height-default elementor-section-height-default\" data-id=\"19cc8e22\" data-element_type=\"section\" data-settings=\"{&quot;background_background&quot;:&quot;classic&quot;}\">\n\t\t\t\t\t\t<div class=\"elementor-container elementor-column-gap-default\">\n\t\t\t\t\t<div class=\"elementor-column elementor-col-100 elementor-top-column elementor-element elementor-element-1ddfabba\" data-id=\"1ddfabba\" data-element_type=\"column\">\n\t\t\t<div class=\"elementor-widget-wrap elementor-element-populated\">\n\t\t\t\t\t\t\t\t<div class=\"elementor-element elementor-element-683f3dcb elementor-widget__width-initial elementor-widget elementor-widget-text-editor\" data-id=\"683f3dcb\" data-element_type=\"widget\" data-widget_type=\"text-editor.default\">\n\t\t\t\t<div class=\"elementor-widget-container\">\n\t\t\t\t\t\t\t<p data-start=\"181\" data-end=\"674\">Offrez-vous une parenth\u00e8se hors du temps avec une s\u00e9ance de <strong data-start=\"241\" data-end=\"255\">Hatha Yoga<\/strong>, une pratique douce et accessible qui invite \u00e0 harmoniser le corps et l\u2019esprit. Guid\u00e9 par une professeur exp\u00e9riment\u00e9e, vous explorerez des postures simples, des techniques de respiration et des instants de relaxation profonde pour rel\u00e2cher les tensions, gagner en souplesse et retrouver votre \u00e9nergie int\u00e9rieure. Cet atelier est adapt\u00e9 \u00e0 tous les niveaux, que vous soyez d\u00e9butant ou d\u00e9j\u00e0 familier de la pratique.<\/p>\n<p data-start=\"676\" data-end=\"930\">Apr\u00e8s ce moment de reconnexion \u00e0 soi, place \u00e0 la convivialit\u00e9 avec un <strong data-start=\"746\" data-end=\"771\">ap\u00e9ro brunch gourmand<\/strong> pr\u00e9par\u00e9 par Amanah. Une table g\u00e9n\u00e9reuse vous attend, m\u00ealant saveurs saines et gourmandes, pour prolonger la d\u00e9tente dans un cadre chaleureux et accueillant.<\/p>\n<p data-start=\"932\" data-end=\"1051\">Un instant parfait pour allier <strong data-start=\"963\" data-end=\"996\">bien-\u00eatre, plaisir et partage<\/strong>, et repartir le c\u0153ur l\u00e9ger et le sourire aux l\u00e8vres.<\/p><p data-start=\"932\" data-end=\"1051\">Tous le mat\u00e9riel sera fourni par l&rsquo;intervenante et disponible sur place. Venez juste en tenue ample pour \u00eatre \u00e0 l&rsquo;aise !<\/p>\t\t\t\t\t\t<\/div>\n\t\t\t\t<\/div>\n\t\t\t\t<div class=\"elementor-element elementor-element-23fb6ea elementor-widget elementor-widget-spacer\" data-id=\"23fb6ea\" data-element_type=\"widget\" data-widget_type=\"spacer.default\">\n\t\t\t\t<div class=\"elementor-widget-container\">\n\t\t\t\t\t<div class=\"elementor-spacer\">\n\t\t\t<div class=\"elementor-spacer-inner\"><\/div>\n\t\t<\/div>\n\t\t\t\t<\/div>\n\t\t\t\t<\/div>\n\t\t\t\t\t<\/div>\n\t\t<\/div>\n\t\t\t\t\t\t\t<\/div>\n\t\t<\/section>\n\t\t\t\t<section class=\"elementor-section elementor-top-section elementor-element elementor-element-7a707cb elementor-section-boxed elementor-section-height-default elementor-section-height-default\" data-id=\"7a707cb\" data-element_type=\"section\">\n\t\t\t\t\t\t<div class=\"elementor-container elementor-column-gap-default\">\n\t\t\t\t\t<div class=\"elementor-column elementor-col-33 elementor-top-column elementor-element elementor-element-d844600\" data-id=\"d844600\" data-element_type=\"column\">\n\t\t\t<div class=\"elementor-widget-wrap\">\n\t\t\t\t\t\t\t\t\t<\/div>\n\t\t<\/div>\n\t\t\t\t<div class=\"elementor-column elementor-col-33 elementor-top-column elementor-element elementor-element-b391b78\" data-id=\"b391b78\" data-element_type=\"column\">\n\t\t\t<div class=\"elementor-widget-wrap elementor-element-populated\">\n\t\t\t\t\t\t\t\t<div class=\"elementor-element elementor-element-2a1f7a0 elementor-widget__width-initial elementor-widget elementor-widget-html\" data-id=\"2a1f7a0\" data-element_type=\"widget\" data-widget_type=\"html.default\">\n\t\t\t\t<div class=\"elementor-widget-container\">\n\t\t\t<div style=\"\r\n  overflow: auto;\r\n  display: flex;\r\n  flex-direction: column;\r\n  justify-content: flex-end;\r\n  align-items: center;\r\n  width: 259px;\r\n  background: #FFFFFF;\r\n  border: 1px solid rgba(0, 0, 0, 0.1);\r\n  box-shadow: -2px 10px 5px rgba(0, 0, 0, 0);\r\n  border-radius: 10px;\r\n  font-family: Playfair Display, SQ Market, Helvetica, Arial, sans-serif;\r\n  \">\r\n    <img decoding=\"async\" src=\"https:\/\/items-images-production.s3.us-west-2.amazonaws.com\/files\/8468f87d79a28272f2ddcf881fb36ec8138a1c99\/original.png\" alt=\"Hatha Yoga &amp; Brunch\" onerror=\"this.style.display='none'\" style=\"width: 100%;\">\r\n  <div style=\"padding: 20px;\">\r\n      <p style=\"\r\n    font-size: 18px;\r\n    line-height: 20px;\r\n  \">Hatha Yoga &amp; Brunch<\/p>\r\n      <p style=\"\r\n    font-size: 18px;\r\n    line-height: 20px;\r\n    font-weight: 600;\r\n  \">45,00 \u20ac<\/p>\r\n    <a target=\"_blank\" href=\"https:\/\/square.link\/u\/omnbgeWY?src=embed\" style=\"\r\n    display: inline-block;\r\n    font-size: 18px;\r\n    line-height: 48px;\r\n    height: 48px;\r\n    color: #ffffff;\r\n    min-width: 212px;\r\n    background-color: #a67c53;\r\n    text-align: center;\r\n    box-shadow: 0 0 0 1px rgba(0,0,0,.1) inset;\r\n    border-radius: 6px;\r\n  \">Acheter <\/a>\r\n  <\/div>\r\n    <link rel=\"stylesheet\" href=\"https:\/\/fonts.googleapis.com\/css?family=Playfair Display\">\r\n<\/div>\t\t<\/div>\n\t\t\t\t<\/div>\n\t\t\t\t\t<\/div>\n\t\t<\/div>\n\t\t\t\t<div class=\"elementor-column elementor-col-33 elementor-top-column elementor-element elementor-element-5b4cd2a\" data-id=\"5b4cd2a\" data-element_type=\"column\">\n\t\t\t<div class=\"elementor-widget-wrap\">\n\t\t\t\t\t\t\t\t\t<\/div>\n\t\t<\/div>\n\t\t\t\t\t\t\t<\/div>\n\t\t<\/section>\n\t\t\t\t<section class=\"elementor-section elementor-top-section elementor-element elementor-element-4c2ad14 elementor-section-boxed elementor-section-height-default elementor-section-height-default\" data-id=\"4c2ad14\" data-element_type=\"section\">\n\t\t\t\t\t\t<div class=\"elementor-container elementor-column-gap-default\">\n\t\t\t\t\t<div class=\"elementor-column elementor-col-100 elementor-top-column elementor-element elementor-element-82958d0\" data-id=\"82958d0\" data-element_type=\"column\">\n\t\t\t<div class=\"elementor-widget-wrap elementor-element-populated\">\n\t\t\t\t\t\t\t\t<div class=\"elementor-element elementor-element-949883d elementor-widget elementor-widget-spacer\" data-id=\"949883d\" data-element_type=\"widget\" data-widget_type=\"spacer.default\">\n\t\t\t\t<div class=\"elementor-widget-container\">\n\t\t\t\t\t<div class=\"elementor-spacer\">\n\t\t\t<div class=\"elementor-spacer-inner\"><\/div>\n\t\t<\/div>\n\t\t\t\t<\/div>\n\t\t\t\t<\/div>\n\t\t\t\t\t<\/div>\n\t\t<\/div>\n\t\t\t\t\t\t\t<\/div>\n\t\t<\/section>\n\t\t\t\t\t\t\t<\/div>\n\t\t","protected":false},"excerpt":{"rendered":"<p>24 Septembre 2025 Hatha yoga &amp; Brunch Date : Mercerdi 24 Septembre 2025Horaires : de 18h30 \u00e0 20h30Participants max : 10Tarif : 45\u20ac \/ personne (atelier + mat\u00e9riel \u00e0 disposition + brunch) Offrez-vous une parenth\u00e8se hors du temps avec une s\u00e9ance de Hatha Yoga, une pratique douce et accessible qui invite \u00e0 harmoniser le corps et l\u2019esprit. Guid\u00e9 par une professeur exp\u00e9riment\u00e9e, vous explorerez des postures simples, des techniques de respiration et des instants de relaxation profonde pour rel\u00e2cher les tensions, gagner en souplesse et retrouver votre \u00e9nergie int\u00e9rieure. Cet atelier est adapt\u00e9 \u00e0 tous les niveaux, que vous soyez d\u00e9butant ou d\u00e9j\u00e0 familier de la pratique. Apr\u00e8s ce moment de reconnexion \u00e0 soi, place \u00e0 la convivialit\u00e9 avec un ap\u00e9ro brunch gourmand pr\u00e9par\u00e9 par Amanah. Une table g\u00e9n\u00e9reuse vous attend, m\u00ealant saveurs saines et gourmandes, pour prolonger la d\u00e9tente dans un cadre chaleureux et accueillant. Un instant parfait pour&hellip;<\/p>\n<p> <a class=\"more-link\" href=\"https:\/\/amanahcoffee.fr\/?page_id=14525\">Lire la suite<\/a><\/p>\n","protected":false},"author":1,"featured_media":0,"parent":0,"menu_order":0,"comment_status":"closed","ping_status":"closed","template":"","meta":{"_price":"","_stock":"","_tribe_ticket_header":"","_tribe_default_ticket_provider":"","_tribe_ticket_capacity":"0","_ticket_start_date":"","_ticket_end_date":"","_tribe_ticket_show_description":"","_tribe_ticket_show_not_going":false,"_tribe_ticket_use_global_stock":"","_tribe_ticket_global_stock_level":"","_global_stock_mode":"","_global_stock_cap":"","_tribe_rsvp_for_event":"","_tribe_ticket_going_count":"","_tribe_ticket_not_going_count":"","_tribe_tickets_list":"[]","_tribe_ticket_has_attendee_info_fields":false,"footnotes":"","_tec_slr_enabled":"","_tec_slr_layout":""},"class_list":["post-14525","page","type-page","status-publish"],"jetpack_sharing_enabled":true,"ticketed":false,"_links":{"self":[{"href":"https:\/\/amanahcoffee.fr\/index.php?rest_route=\/wp\/v2\/pages\/14525","targetHints":{"allow":["GET"]}}],"collection":[{"href":"https:\/\/amanahcoffee.fr\/index.php?rest_route=\/wp\/v2\/pages"}],"about":[{"href":"https:\/\/amanahcoffee.fr\/index.php?rest_route=\/wp\/v2\/types\/page"}],"author":[{"embeddable":true,"href":"https:\/\/amanahcoffee.fr\/index.php?rest_route=\/wp\/v2\/users\/1"}],"replies":[{"embeddable":true,"href":"https:\/\/amanahcoffee.fr\/index.php?rest_route=%2Fwp%2Fv2%2Fcomments&post=14525"}],"version-history":[{"count":23,"href":"https:\/\/amanahcoffee.fr\/index.php?rest_route=\/wp\/v2\/pages\/14525\/revisions"}],"predecessor-version":[{"id":14568,"href":"https:\/\/amanahcoffee.fr\/index.php?rest_route=\/wp\/v2\/pages\/14525\/revisions\/14568"}],"wp:attachment":[{"href":"https:\/\/amanahcoffee.fr\/index.php?rest_route=%2Fwp%2Fv2%2Fmedia&parent=14525"}],"curies":[{"name":"wp","href":"https:\/\/api.w.org\/{rel}","templated":true}]}}