{"id":14352,"date":"2025-08-28T18:34:42","date_gmt":"2025-08-28T16:34:42","guid":{"rendered":"https:\/\/amanahcoffee.fr\/?page_id=14352"},"modified":"2025-12-13T12:28:25","modified_gmt":"2025-12-13T11:28:25","slug":"experiences","status":"publish","type":"page","link":"https:\/\/amanahcoffee.fr\/?page_id=14352","title":{"rendered":"Exp\u00e9riences"},"content":{"rendered":"\t\t<div data-elementor-type=\"wp-post\" data-elementor-id=\"14352\" class=\"elementor elementor-14352\">\n\t\t\t\t\t\t\t\t\t<section class=\"elementor-section elementor-top-section elementor-element elementor-element-514b933 elementor-section-stretched elementor-section-height-full elementor-section-boxed elementor-section-height-default elementor-section-items-middle\" data-id=\"514b933\" data-element_type=\"section\" data-settings=\"{&quot;stretch_section&quot;:&quot;section-stretched&quot;,&quot;background_background&quot;:&quot;classic&quot;}\">\n\t\t\t\t\t\t\t<div class=\"elementor-background-overlay\"><\/div>\n\t\t\t\t\t\t\t<div class=\"elementor-container elementor-column-gap-default\">\n\t\t\t\t\t<div class=\"elementor-column elementor-col-100 elementor-top-column elementor-element elementor-element-57734dc8\" data-id=\"57734dc8\" data-element_type=\"column\">\n\t\t\t<div class=\"elementor-widget-wrap elementor-element-populated\">\n\t\t\t\t\t\t\t\t<div class=\"elementor-element elementor-element-f96a96e elementor-widget elementor-widget-spacer\" data-id=\"f96a96e\" data-element_type=\"widget\" data-widget_type=\"spacer.default\">\n\t\t\t\t<div class=\"elementor-widget-container\">\n\t\t\t<style>\/*! elementor - v3.15.0 - 20-08-2023 *\/\n.elementor-column .elementor-spacer-inner{height:var(--spacer-size)}.e-con{--container-widget-width:100%}.e-con-inner>.elementor-widget-spacer,.e-con>.elementor-widget-spacer{width:var(--container-widget-width,var(--spacer-size));--align-self:var(--container-widget-align-self,initial);--flex-shrink:0}.e-con-inner>.elementor-widget-spacer>.elementor-widget-container,.e-con-inner>.elementor-widget-spacer>.elementor-widget-container>.elementor-spacer,.e-con>.elementor-widget-spacer>.elementor-widget-container,.e-con>.elementor-widget-spacer>.elementor-widget-container>.elementor-spacer{height:100%}.e-con-inner>.elementor-widget-spacer>.elementor-widget-container>.elementor-spacer>.elementor-spacer-inner,.e-con>.elementor-widget-spacer>.elementor-widget-container>.elementor-spacer>.elementor-spacer-inner{height:var(--container-widget-height,var(--spacer-size))}<\/style>\t\t<div class=\"elementor-spacer\">\n\t\t\t<div class=\"elementor-spacer-inner\"><\/div>\n\t\t<\/div>\n\t\t\t\t<\/div>\n\t\t\t\t<\/div>\n\t\t\t\t<div class=\"elementor-element elementor-element-c33c600 elementor-widget elementor-widget-spacer\" data-id=\"c33c600\" data-element_type=\"widget\" data-widget_type=\"spacer.default\">\n\t\t\t\t<div class=\"elementor-widget-container\">\n\t\t\t\t\t<div class=\"elementor-spacer\">\n\t\t\t<div class=\"elementor-spacer-inner\"><\/div>\n\t\t<\/div>\n\t\t\t\t<\/div>\n\t\t\t\t<\/div>\n\t\t\t\t<div class=\"elementor-element elementor-element-58d97db elementor-widget elementor-widget-heading\" data-id=\"58d97db\" data-element_type=\"widget\" data-widget_type=\"heading.default\">\n\t\t\t\t<div class=\"elementor-widget-container\">\n\t\t\t<style>\/*! elementor - v3.15.0 - 20-08-2023 *\/\n.elementor-heading-title{padding:0;margin:0;line-height:1}.elementor-widget-heading .elementor-heading-title[class*=elementor-size-]>a{color:inherit;font-size:inherit;line-height:inherit}.elementor-widget-heading .elementor-heading-title.elementor-size-small{font-size:15px}.elementor-widget-heading .elementor-heading-title.elementor-size-medium{font-size:19px}.elementor-widget-heading .elementor-heading-title.elementor-size-large{font-size:29px}.elementor-widget-heading .elementor-heading-title.elementor-size-xl{font-size:39px}.elementor-widget-heading .elementor-heading-title.elementor-size-xxl{font-size:59px}<\/style><h2 class=\"elementor-heading-title elementor-size-default\">Les<\/h2>\t\t<\/div>\n\t\t\t\t<\/div>\n\t\t\t\t<div class=\"elementor-element elementor-element-4c7114fb elementor-widget elementor-widget-heading\" data-id=\"4c7114fb\" data-element_type=\"widget\" data-widget_type=\"heading.default\">\n\t\t\t\t<div class=\"elementor-widget-container\">\n\t\t\t<h2 class=\"elementor-heading-title elementor-size-default\">Exp\u00e9riences amanah<\/h2>\t\t<\/div>\n\t\t\t\t<\/div>\n\t\t\t\t<div class=\"elementor-element elementor-element-15d3b9b elementor-widget elementor-widget-heading\" data-id=\"15d3b9b\" data-element_type=\"widget\" data-widget_type=\"heading.default\">\n\t\t\t\t<div class=\"elementor-widget-container\">\n\t\t\t<h2 class=\"elementor-heading-title elementor-size-default\">Nos moments inspirants et ressour\u00e7ants<\/h2>\t\t<\/div>\n\t\t\t\t<\/div>\n\t\t\t\t<div class=\"elementor-element elementor-element-5deda139 elementor-widget elementor-widget-spacer\" data-id=\"5deda139\" data-element_type=\"widget\" data-widget_type=\"spacer.default\">\n\t\t\t\t<div class=\"elementor-widget-container\">\n\t\t\t\t\t<div class=\"elementor-spacer\">\n\t\t\t<div class=\"elementor-spacer-inner\"><\/div>\n\t\t<\/div>\n\t\t\t\t<\/div>\n\t\t\t\t<\/div>\n\t\t\t\t\t<\/div>\n\t\t<\/div>\n\t\t\t\t\t\t\t<\/div>\n\t\t<\/section>\n\t\t\t\t<section class=\"elementor-section elementor-top-section elementor-element elementor-element-19cc8e22 elementor-section-boxed elementor-section-height-default elementor-section-height-default\" data-id=\"19cc8e22\" data-element_type=\"section\" data-settings=\"{&quot;background_background&quot;:&quot;classic&quot;}\">\n\t\t\t\t\t\t<div class=\"elementor-container elementor-column-gap-default\">\n\t\t\t\t\t<div class=\"elementor-column elementor-col-100 elementor-top-column elementor-element elementor-element-1ddfabba\" data-id=\"1ddfabba\" data-element_type=\"column\">\n\t\t\t<div class=\"elementor-widget-wrap elementor-element-populated\">\n\t\t\t\t\t\t\t\t<div class=\"elementor-element elementor-element-393a086f elementor-widget elementor-widget-spacer\" data-id=\"393a086f\" data-element_type=\"widget\" data-widget_type=\"spacer.default\">\n\t\t\t\t<div class=\"elementor-widget-container\">\n\t\t\t\t\t<div class=\"elementor-spacer\">\n\t\t\t<div class=\"elementor-spacer-inner\"><\/div>\n\t\t<\/div>\n\t\t\t\t<\/div>\n\t\t\t\t<\/div>\n\t\t\t\t<div class=\"elementor-element elementor-element-683f3dcb elementor-widget elementor-widget-text-editor\" data-id=\"683f3dcb\" data-element_type=\"widget\" data-widget_type=\"text-editor.default\">\n\t\t\t\t<div class=\"elementor-widget-container\">\n\t\t\t<style>\/*! elementor - v3.15.0 - 20-08-2023 *\/\n.elementor-widget-text-editor.elementor-drop-cap-view-stacked .elementor-drop-cap{background-color:#69727d;color:#fff}.elementor-widget-text-editor.elementor-drop-cap-view-framed .elementor-drop-cap{color:#69727d;border:3px solid;background-color:transparent}.elementor-widget-text-editor:not(.elementor-drop-cap-view-default) .elementor-drop-cap{margin-top:8px}.elementor-widget-text-editor:not(.elementor-drop-cap-view-default) .elementor-drop-cap-letter{width:1em;height:1em}.elementor-widget-text-editor .elementor-drop-cap{float:left;text-align:center;line-height:1;font-size:50px}.elementor-widget-text-editor .elementor-drop-cap-letter{display:inline-block}<\/style>\t\t\t\t<p data-start=\"118\" data-end=\"409\">La cuisine et les rencontres vont bien au-del\u00e0 d\u2019un simple repas. C\u2019est pourquoi nous avons cr\u00e9\u00e9 les <strong data-start=\"255\" data-end=\"277\">Exp\u00e9riences Amanah<\/strong> : des ateliers uniques, pens\u00e9s pour \u00e9veiller la cr\u00e9ativit\u00e9, partager des instants chaleureux et cr\u00e9er des souvenirs inoubliables.<\/p><p data-start=\"411\" data-end=\"743\">Au programme :<br data-start=\"425\" data-end=\"428\" \/>&#8211; Des rendez-vous autour du <strong data-start=\"457\" data-end=\"470\">bien-\u00eatre<\/strong> (yoga, m\u00e9ditation, soins doux)<br data-start=\"501\" data-end=\"504\" \/>&#8211; Des <strong data-start=\"511\" data-end=\"533\">ateliers gourmands<\/strong> o\u00f9 la cuisine devient un terrain de jeu cr\u00e9atif<br data-start=\"581\" data-end=\"584\" \/>&#8211; Des moments de <strong data-start=\"602\" data-end=\"632\">d\u00e9couverte et d\u2019expression<\/strong> : style, lecture, \u00e9changes inspirants<br data-start=\"670\" data-end=\"673\" data-is-only-node=\"\" \/>&#8211; Des instants complices \u00e0 vivre <strong data-start=\"713\" data-end=\"741\">en famille ou entre amis<\/strong><\/p><p data-start=\"745\" data-end=\"866\">Chaque exp\u00e9rience est imagin\u00e9e avec soin, dans l\u2019esprit <strong data-start=\"801\" data-end=\"839\">convivial, cr\u00e9atif et bienveillant<\/strong> qui fait l\u2019\u00e2me d\u2019Amanah.<\/p><p data-start=\"868\" data-end=\"988\">Rejoignez-nous et laissez-vous porter par des exp\u00e9riences qui nourrissent \u00e0 la fois le corps, l\u2019esprit\u2026 et le c\u0153ur.<\/p>\t\t\t\t\t\t<\/div>\n\t\t\t\t<\/div>\n\t\t\t\t\t<\/div>\n\t\t<\/div>\n\t\t\t\t\t\t\t<\/div>\n\t\t<\/section>\n\t\t\t\t<section class=\"elementor-section elementor-top-section elementor-element elementor-element-2277b8c elementor-section-boxed elementor-section-height-default elementor-section-height-default\" data-id=\"2277b8c\" data-element_type=\"section\">\n\t\t\t\t\t\t<div class=\"elementor-container elementor-column-gap-default\">\n\t\t\t\t\t<div class=\"elementor-column elementor-col-100 elementor-top-column elementor-element elementor-element-af3cd16\" data-id=\"af3cd16\" data-element_type=\"column\">\n\t\t\t<div class=\"elementor-widget-wrap elementor-element-populated\">\n\t\t\t\t\t\t\t\t<div class=\"elementor-element elementor-element-dc29bc5 elementor-widget elementor-widget-spacer\" data-id=\"dc29bc5\" data-element_type=\"widget\" data-widget_type=\"spacer.default\">\n\t\t\t\t<div class=\"elementor-widget-container\">\n\t\t\t\t\t<div class=\"elementor-spacer\">\n\t\t\t<div class=\"elementor-spacer-inner\"><\/div>\n\t\t<\/div>\n\t\t\t\t<\/div>\n\t\t\t\t<\/div>\n\t\t\t\t\t<\/div>\n\t\t<\/div>\n\t\t\t\t\t\t\t<\/div>\n\t\t<\/section>\n\t\t\t\t<section class=\"elementor-section elementor-top-section elementor-element elementor-element-0c6d4fd elementor-section-boxed elementor-section-height-default elementor-section-height-default\" data-id=\"0c6d4fd\" data-element_type=\"section\">\n\t\t\t\t\t\t<div class=\"elementor-container elementor-column-gap-default\">\n\t\t\t\t\t<div class=\"elementor-column elementor-col-100 elementor-top-column elementor-element elementor-element-2bfb7aa\" data-id=\"2bfb7aa\" data-element_type=\"column\">\n\t\t\t<div class=\"elementor-widget-wrap elementor-element-populated\">\n\t\t\t\t\t\t\t\t<div class=\"elementor-element elementor-element-70cdfe6 elementor-widget elementor-widget-spacer\" data-id=\"70cdfe6\" data-element_type=\"widget\" data-widget_type=\"spacer.default\">\n\t\t\t\t<div class=\"elementor-widget-container\">\n\t\t\t\t\t<div class=\"elementor-spacer\">\n\t\t\t<div class=\"elementor-spacer-inner\"><\/div>\n\t\t<\/div>\n\t\t\t\t<\/div>\n\t\t\t\t<\/div>\n\t\t\t\t<div class=\"elementor-element elementor-element-fe31752 elementor-widget elementor-widget-heading\" data-id=\"fe31752\" data-element_type=\"widget\" data-widget_type=\"heading.default\">\n\t\t\t\t<div class=\"elementor-widget-container\">\n\t\t\t<h2 class=\"elementor-heading-title elementor-size-default\">D\u00e9cembre<\/h2>\t\t<\/div>\n\t\t\t\t<\/div>\n\t\t\t\t<div class=\"elementor-element elementor-element-f46d7bd elementor-widget elementor-widget-spacer\" data-id=\"f46d7bd\" data-element_type=\"widget\" data-widget_type=\"spacer.default\">\n\t\t\t\t<div class=\"elementor-widget-container\">\n\t\t\t\t\t<div class=\"elementor-spacer\">\n\t\t\t<div class=\"elementor-spacer-inner\"><\/div>\n\t\t<\/div>\n\t\t\t\t<\/div>\n\t\t\t\t<\/div>\n\t\t\t\t\t<\/div>\n\t\t<\/div>\n\t\t\t\t\t\t\t<\/div>\n\t\t<\/section>\n\t\t\t\t<section class=\"elementor-section elementor-top-section elementor-element elementor-element-4e2f224 elementor-section-boxed elementor-section-height-default elementor-section-height-default\" data-id=\"4e2f224\" data-element_type=\"section\">\n\t\t\t\t\t\t<div class=\"elementor-container elementor-column-gap-default\">\n\t\t\t\t\t<div class=\"elementor-column elementor-col-33 elementor-top-column elementor-element elementor-element-9238024\" data-id=\"9238024\" data-element_type=\"column\">\n\t\t\t<div class=\"elementor-widget-wrap elementor-element-populated\">\n\t\t\t\t\t\t\t\t<div class=\"elementor-element elementor-element-d9b0b00 elementor-widget elementor-widget-heading\" data-id=\"d9b0b00\" data-element_type=\"widget\" data-widget_type=\"heading.default\">\n\t\t\t\t<div class=\"elementor-widget-container\">\n\t\t\t<h2 class=\"elementor-heading-title elementor-size-default\">20 d\u00e9cembre<\/h2>\t\t<\/div>\n\t\t\t\t<\/div>\n\t\t\t\t<div class=\"elementor-element elementor-element-ec15224 elementor-widget elementor-widget-heading\" data-id=\"ec15224\" data-element_type=\"widget\" data-widget_type=\"heading.default\">\n\t\t\t\t<div class=\"elementor-widget-container\">\n\t\t\t<h2 class=\"elementor-heading-title elementor-size-default\">k-beauty coffee lab<\/h2>\t\t<\/div>\n\t\t\t\t<\/div>\n\t\t\t\t<div class=\"elementor-element elementor-element-1ac877c elementor-widget elementor-widget-text-editor\" data-id=\"1ac877c\" data-element_type=\"widget\" data-widget_type=\"text-editor.default\">\n\t\t\t\t<div class=\"elementor-widget-container\">\n\t\t\t\t\t\t\t<div class=\"flex max-w-full flex-col grow\">\n<div class=\"min-h-8 text-message relative flex w-full flex-col items-end gap-2 text-start break-words whitespace-normal [.text-message+&amp;]:mt-5\" dir=\"auto\" data-message-author-role=\"assistant\" data-message-id=\"6a7da56a-7df2-4719-86fd-a701e81e61b4\" data-message-model-slug=\"gpt-5-mini\">\n<div class=\"flex w-full flex-col gap-1 empty:hidden first:pt-[3px]\">\n<div class=\"markdown prose dark:prose-invert w-full break-words light markdown-new-styling\">\n<p data-start=\"0\" data-end=\"190\" data-is-last-node=\"\" data-is-only-node=\"\">Amanah organise une journ\u00e9e sp\u00e9ciale d\u00e9di\u00e9e \u00e0 la skincare cor\u00e9enne, avec la pr\u00e9sence d\u2019une animatrice experte de 10h30 \u00e0 17h. D\u00e9couvrez et testez une s\u00e9lection de produits de plusieurs marques, avec des conseils personnalis\u00e9s et un diagnostic express. Deux masterclass exclusives vous guideront \u00e0 travers les \u00e9tapes essentielles du K-Beauty et la cr\u00e9ation d\u2019une routine adapt\u00e9e \u00e0 votre peau.<\/p>\n<\/div>\n<\/div>\n<\/div>\n<\/div>\t\t\t\t\t\t<\/div>\n\t\t\t\t<\/div>\n\t\t\t\t<div class=\"elementor-element elementor-element-3af0326 elementor-align-center elementor-widget elementor-widget-button\" data-id=\"3af0326\" data-element_type=\"widget\" data-widget_type=\"button.default\">\n\t\t\t\t<div class=\"elementor-widget-container\">\n\t\t\t\t\t<div class=\"elementor-button-wrapper\">\n\t\t\t<a class=\"elementor-button elementor-button-link elementor-size-sm\" href=\"https:\/\/amanahcoffee.fr\/?page_id=14598\">\n\t\t\t\t\t\t<span class=\"elementor-button-content-wrapper\">\n\t\t\t\t\t\t<span class=\"elementor-button-text\">Plus d'infos<\/span>\n\t\t<\/span>\n\t\t\t\t\t<\/a>\n\t\t<\/div>\n\t\t\t\t<\/div>\n\t\t\t\t<\/div>\n\t\t\t\t\t<\/div>\n\t\t<\/div>\n\t\t\t\t<div class=\"elementor-column elementor-col-33 elementor-top-column elementor-element elementor-element-b694468\" data-id=\"b694468\" data-element_type=\"column\">\n\t\t\t<div class=\"elementor-widget-wrap\">\n\t\t\t\t\t\t\t\t\t<\/div>\n\t\t<\/div>\n\t\t\t\t<div class=\"elementor-column elementor-col-33 elementor-top-column elementor-element elementor-element-647dbe3\" data-id=\"647dbe3\" data-element_type=\"column\">\n\t\t\t<div class=\"elementor-widget-wrap\">\n\t\t\t\t\t\t\t\t\t<\/div>\n\t\t<\/div>\n\t\t\t\t\t\t\t<\/div>\n\t\t<\/section>\n\t\t\t\t<section class=\"elementor-section elementor-top-section elementor-element elementor-element-23adc93 elementor-section-boxed elementor-section-height-default elementor-section-height-default\" data-id=\"23adc93\" data-element_type=\"section\">\n\t\t\t\t\t\t<div class=\"elementor-container elementor-column-gap-default\">\n\t\t\t\t\t<div class=\"elementor-column elementor-col-100 elementor-top-column elementor-element elementor-element-8579e08\" data-id=\"8579e08\" data-element_type=\"column\">\n\t\t\t<div class=\"elementor-widget-wrap elementor-element-populated\">\n\t\t\t\t\t\t\t\t<div class=\"elementor-element elementor-element-97ed935 elementor-widget elementor-widget-spacer\" data-id=\"97ed935\" data-element_type=\"widget\" data-widget_type=\"spacer.default\">\n\t\t\t\t<div class=\"elementor-widget-container\">\n\t\t\t\t\t<div class=\"elementor-spacer\">\n\t\t\t<div class=\"elementor-spacer-inner\"><\/div>\n\t\t<\/div>\n\t\t\t\t<\/div>\n\t\t\t\t<\/div>\n\t\t\t\t\t<\/div>\n\t\t<\/div>\n\t\t\t\t\t\t\t<\/div>\n\t\t<\/section>\n\t\t\t\t\t\t\t<\/div>\n\t\t","protected":false},"excerpt":{"rendered":"<p>Les Exp\u00e9riences amanah Nos moments inspirants et ressour\u00e7ants La cuisine et les rencontres vont bien au-del\u00e0 d\u2019un simple repas. C\u2019est pourquoi nous avons cr\u00e9\u00e9 les Exp\u00e9riences Amanah : des ateliers uniques, pens\u00e9s pour \u00e9veiller la cr\u00e9ativit\u00e9, partager des instants chaleureux et cr\u00e9er des souvenirs inoubliables. Au programme :&#8211; Des rendez-vous autour du bien-\u00eatre (yoga, m\u00e9ditation, soins doux)&#8211; Des ateliers gourmands o\u00f9 la cuisine devient un terrain de jeu cr\u00e9atif&#8211; Des moments de d\u00e9couverte et d\u2019expression : style, lecture, \u00e9changes inspirants&#8211; Des instants complices \u00e0 vivre en famille ou entre amis Chaque exp\u00e9rience est imagin\u00e9e avec soin, dans l\u2019esprit convivial, cr\u00e9atif et bienveillant qui fait l\u2019\u00e2me d\u2019Amanah. Rejoignez-nous et laissez-vous porter par des exp\u00e9riences qui nourrissent \u00e0 la fois le corps, l\u2019esprit\u2026 et le c\u0153ur. D\u00e9cembre 20 d\u00e9cembre k-beauty coffee lab Amanah organise une journ\u00e9e sp\u00e9ciale d\u00e9di\u00e9e \u00e0 la skincare cor\u00e9enne, avec la pr\u00e9sence d\u2019une animatrice experte de 10h30 \u00e0 17h.&hellip;<\/p>\n<p> <a class=\"more-link\" href=\"https:\/\/amanahcoffee.fr\/?page_id=14352\">Lire la suite<\/a><\/p>\n","protected":false},"author":1,"featured_media":0,"parent":0,"menu_order":0,"comment_status":"closed","ping_status":"closed","template":"","meta":{"_price":"","_stock":"","_tribe_ticket_header":"","_tribe_default_ticket_provider":"","_tribe_ticket_capacity":"0","_ticket_start_date":"","_ticket_end_date":"","_tribe_ticket_show_description":"","_tribe_ticket_show_not_going":false,"_tribe_ticket_use_global_stock":"","_tribe_ticket_global_stock_level":"","_global_stock_mode":"","_global_stock_cap":"","_tribe_rsvp_for_event":"","_tribe_ticket_going_count":"","_tribe_ticket_not_going_count":"","_tribe_tickets_list":"[]","_tribe_ticket_has_attendee_info_fields":false,"footnotes":"","_tec_slr_enabled":"","_tec_slr_layout":""},"class_list":["post-14352","page","type-page","status-publish"],"jetpack_sharing_enabled":true,"ticketed":false,"_links":{"self":[{"href":"https:\/\/amanahcoffee.fr\/index.php?rest_route=\/wp\/v2\/pages\/14352","targetHints":{"allow":["GET"]}}],"collection":[{"href":"https:\/\/amanahcoffee.fr\/index.php?rest_route=\/wp\/v2\/pages"}],"about":[{"href":"https:\/\/amanahcoffee.fr\/index.php?rest_route=\/wp\/v2\/types\/page"}],"author":[{"embeddable":true,"href":"https:\/\/amanahcoffee.fr\/index.php?rest_route=\/wp\/v2\/users\/1"}],"replies":[{"embeddable":true,"href":"https:\/\/amanahcoffee.fr\/index.php?rest_route=%2Fwp%2Fv2%2Fcomments&post=14352"}],"version-history":[{"count":25,"href":"https:\/\/amanahcoffee.fr\/index.php?rest_route=\/wp\/v2\/pages\/14352\/revisions"}],"predecessor-version":[{"id":14615,"href":"https:\/\/amanahcoffee.fr\/index.php?rest_route=\/wp\/v2\/pages\/14352\/revisions\/14615"}],"wp:attachment":[{"href":"https:\/\/amanahcoffee.fr\/index.php?rest_route=%2Fwp%2Fv2%2Fmedia&parent=14352"}],"curies":[{"name":"wp","href":"https:\/\/api.w.org\/{rel}","templated":true}]}}